{"id":2378,"date":"2013-11-25T17:08:27","date_gmt":"2013-11-25T22:08:27","guid":{"rendered":"http:\/\/www.amaporte.ca\/?page_id=2378"},"modified":"2024-08-18T08:10:02","modified_gmt":"2024-08-18T12:10:02","slug":"entrainement-beachbody-au-quebec-insanity-focus-t25-p90x-21-day-fix","status":"publish","type":"page","link":"https:\/\/www.amaporte.ca\/","title":{"rendered":"Accueil"},"content":{"rendered":"<p>Bienvenue sur A ma Porte!<\/p><p>\u00c0 ma Porte est d\u00e9di\u00e9 \u00e0 l&#8217;\u00e9panouissement personnel et au bien-\u00eatre o\u00f9 que tu sois. En tant que coach de motivation fitness depuis 2012 et passionn\u00e9e par un mode de vie sain, je me suis engag\u00e9e depuis plus de 12 an \u00e0 guider les femmes vers une sant\u00e9 globale en harmonie avec leur essence. Ma mission est de te permettre de te sentir pleine d&#8217;\u00e9nergie, vivante, et heureuse, ind\u00e9pendamment de ton environnement et au-del\u00e0 de ton apparence.<\/p><p>Mon parcours a commenc\u00e9 lors de mon s\u00e9jour en Asie dans les ann\u00e9es 1990 o\u00f9, faute de connaissances et d&#8217;\u00e9quipement, je faisais de la course jusqu&#8217;\u00e0 mon propre salon en 2010, o\u00f9 j&#8217;ai fait un programme transformateur qui m&#8217;a r\u00e9v\u00e9l\u00e9 ma passion et ma vocation pour aider les femmes \u00e0 prendre leur sant\u00e9 en main.<\/p><p>Ayant explor\u00e9 diverses carri\u00e8res, de la restauration \u00e0 l&#8217;enseignement, en passant par le service \u00e0 la client\u00e8le et la conseiller en s\u00e9curit\u00e9 financi\u00e8re, c&#8217;est dans l&#8217;accompagnement vers un mode de vie sain que j&#8217;ai trouv\u00e9 ma plus grande satisfaction.<\/p><p>Aujourd&#8217;hui, en tant que coach PNL, je me sp\u00e9cialise dans l&#8217;accompagnement des femmes pour qu&#8217;elles adoptent des habitudes de vie saines ancr\u00e9es dans un mindset positif. Je les aide \u00e0 comprendre leur corps \u00e0 travers toutes les saisons de leur vie, \u00e0 adapter leur alimentation en cons\u00e9quence, et \u00e0 surmonter les croyances limitantes qui les freinent dans leur \u00e9panouissement personnel. Mon approche vise \u00e0 cr\u00e9er une routine qui respecte et refl\u00e8te le style de vie unique de chaque femme, les menant \u00e0 une image d&#8217;elles-m\u00eames qu&#8217;elles aiment v\u00e9ritablement.<\/p><p>\u00c0 ma Porte, c&#8217;est un voyage vers l&#8217;appr\u00e9ciationde soi, \u00e9tape par \u00e9tape, jour apr\u00e8s jour. C&#8217;est beaucoup plus que la mise en forme et une bonne alimentation. R\u00e9clame ta place dans cette aventure o\u00f9 prendre soin de soi devient une c\u00e9l\u00e9bration de ta vie et de ta libert\u00e9.<\/p><p>Pour une sant\u00e9 globale au-del\u00e0 de l&#8217;apparence.<\/p>\t\t\n\t\t\t<a href=\"https:\/\/marieclaudeayotte.ca\/\" target=\"_blank\" rel=\"noopener\">\n\t\t\t\t\t\t\t\t\tAu-del\u00e0 de l&#8217;Apparence\n\t\t\t\t\t<\/a>\n\t\t\t<iframe\n  src=\"https:\/\/link.ruleyourbusiness.com\/widget\/form\/ViWxP5HIR5aB8ZGzEcvd\"\n  style=\"width:100%;height:100%;border:none;border-radius:3px\"\n  id=\"inline-ViWxP5HIR5aB8ZGzEcvd\" \n  data-layout=\"{'id':'INLINE'}\"\n  data-trigger-type=\"alwaysShow\"\n  data-trigger-value=\"\"\n  data-activation-type=\"alwaysActivated\"\n  data-activation-value=\"\"\n  data-deactivation-type=\"neverDeactivate\"\n  data-deactivation-value=\"\"\n  data-form-name=\"Form 58\"\n  data-height=\"401\"\n  data-layout-iframe-id=\"inline-ViWxP5HIR5aB8ZGzEcvd\"\n  data-form-id=\"ViWxP5HIR5aB8ZGzEcvd\"\n  title=\"Form 58\">\n<\/iframe>","protected":false},"excerpt":{"rendered":"<p>Bienvenue sur A ma Porte!\u00c0 ma Porte est d\u00e9di\u00e9 \u00e0 l&#8217;\u00e9panouissement personnel et au bien-\u00eatre o\u00f9 que tu sois. En tant que coach de motivation fitness depuis 2012 et passionn\u00e9e par un mode de vie sain, je me suis engag\u00e9e depuis plus de 12 an \u00e0 guider les femmes vers une sant\u00e9 globale en harmonie [&hellip;]&nbsp;<a href=\"https:\/\/www.amaporte.ca\/\" class=\"post-read-more\">Read more&#8230;<\/a><\/p>\n","protected":false},"author":2,"featured_media":0,"parent":0,"menu_order":0,"comment_status":"closed","ping_status":"closed","template":"","meta":{"wprm-recipe-roundup-name":"","wprm-recipe-roundup-description":"","footnotes":""},"class_list":["post-2378","page","type-page","status-publish","hentry"],"_links":{"self":[{"href":"https:\/\/www.amaporte.ca\/index.php?rest_route=\/wp\/v2\/pages\/2378","targetHints":{"allow":["GET"]}}],"collection":[{"href":"https:\/\/www.amaporte.ca\/index.php?rest_route=\/wp\/v2\/pages"}],"about":[{"href":"https:\/\/www.amaporte.ca\/index.php?rest_route=\/wp\/v2\/types\/page"}],"author":[{"embeddable":true,"href":"https:\/\/www.amaporte.ca\/index.php?rest_route=\/wp\/v2\/users\/2"}],"replies":[{"embeddable":true,"href":"https:\/\/www.amaporte.ca\/index.php?rest_route=%2Fwp%2Fv2%2Fcomments&post=2378"}],"version-history":[{"count":29,"href":"https:\/\/www.amaporte.ca\/index.php?rest_route=\/wp\/v2\/pages\/2378\/revisions"}],"predecessor-version":[{"id":43374,"href":"https:\/\/www.amaporte.ca\/index.php?rest_route=\/wp\/v2\/pages\/2378\/revisions\/43374"}],"wp:attachment":[{"href":"https:\/\/www.amaporte.ca\/index.php?rest_route=%2Fwp%2Fv2%2Fmedia&parent=2378"}],"curies":[{"name":"wp","href":"https:\/\/api.w.org\/{rel}","templated":true}]}}